{"id":112,"date":"2023-04-29T22:32:37","date_gmt":"2023-04-29T22:32:37","guid":{"rendered":"https:\/\/queirozsaudeambiental.com\/?page_id=112"},"modified":"2023-05-18T14:07:26","modified_gmt":"2023-05-18T14:07:26","slug":"sobre-nos","status":"publish","type":"page","link":"https:\/\/queirozsaudeambiental.com\/?page_id=112","title":{"rendered":"Sobre-n\u00f3s"},"content":{"rendered":"\t\t<div data-elementor-type=\"wp-page\" data-elementor-id=\"112\" class=\"elementor elementor-112\">\n\t\t\t\t\t\t\t\t\t<section class=\"elementor-section elementor-top-section elementor-element elementor-element-2403c1c elementor-section-boxed elementor-section-height-default elementor-section-height-default\" data-id=\"2403c1c\" data-element_type=\"section\">\n\t\t\t\t\t\t<div class=\"elementor-container elementor-column-gap-default\">\n\t\t\t\t\t<div class=\"elementor-column elementor-col-100 elementor-top-column elementor-element elementor-element-2a8b1fb\" data-id=\"2a8b1fb\" data-element_type=\"column\">\n\t\t\t<div class=\"elementor-widget-wrap elementor-element-populated\">\n\t\t\t\t\t\t\t\t<div class=\"elementor-element elementor-element-8f98905 elementor-widget elementor-widget-text-editor\" data-id=\"8f98905\" data-element_type=\"widget\" data-widget_type=\"text-editor.default\">\n\t\t\t\t<div class=\"elementor-widget-container\">\n\t\t\t<style>\/*! elementor - v3.12.2 - 23-04-2023 *\/\n.elementor-widget-text-editor.elementor-drop-cap-view-stacked .elementor-drop-cap{background-color:#69727d;color:#fff}.elementor-widget-text-editor.elementor-drop-cap-view-framed .elementor-drop-cap{color:#69727d;border:3px solid;background-color:transparent}.elementor-widget-text-editor:not(.elementor-drop-cap-view-default) .elementor-drop-cap{margin-top:8px}.elementor-widget-text-editor:not(.elementor-drop-cap-view-default) .elementor-drop-cap-letter{width:1em;height:1em}.elementor-widget-text-editor .elementor-drop-cap{float:left;text-align:center;line-height:1;font-size:50px}.elementor-widget-text-editor .elementor-drop-cap-letter{display:inline-block}<\/style>\t\t\t\tA <b>Queiroz Sa\u00fade Ambiental<\/b> atua h\u00e1 mais de 30 anos\ncom solu\u00e7\u00f5es inovadoras no <b>Controle de Pragas<\/b>\nem resid\u00eancias, empresas, ind\u00fastrias, empresariais,\ngalp\u00f5es e condom\u00ednios em toda a regi\u00e3o da Bahia.\t\t\t\t\t\t<\/div>\n\t\t\t\t<\/div>\n\t\t\t\t\t<\/div>\n\t\t<\/div>\n\t\t\t\t\t\t\t<\/div>\n\t\t<\/section>\n\t\t\t\t<section class=\"elementor-section elementor-top-section elementor-element elementor-element-87a8f3e elementor-section-boxed elementor-section-height-default elementor-section-height-default\" data-id=\"87a8f3e\" data-element_type=\"section\">\n\t\t\t\t\t\t<div class=\"elementor-container elementor-column-gap-default\">\n\t\t\t\t\t<div class=\"elementor-column elementor-col-33 elementor-top-column elementor-element elementor-element-3903592\" data-id=\"3903592\" data-element_type=\"column\" data-settings=\"{&quot;background_background&quot;:&quot;classic&quot;}\">\n\t\t\t<div class=\"elementor-widget-wrap elementor-element-populated\">\n\t\t\t\t\t\t\t\t<div class=\"elementor-element elementor-element-ad3209d elementor-widget elementor-widget-image\" data-id=\"ad3209d\" data-element_type=\"widget\" data-widget_type=\"image.default\">\n\t\t\t\t<div class=\"elementor-widget-container\">\n\t\t\t<style>\/*! elementor - v3.12.2 - 23-04-2023 *\/\n.elementor-widget-image{text-align:center}.elementor-widget-image a{display:inline-block}.elementor-widget-image a img[src$=\".svg\"]{width:48px}.elementor-widget-image img{vertical-align:middle;display:inline-block}<\/style>\t\t\t\t\t\t\t\t\t\t\t\t<img decoding=\"async\" width=\"135\" height=\"124\" src=\"https:\/\/queirozsaudeambiental.com\/wp-content\/uploads\/2023\/05\/30anos.png\" class=\"attachment-large size-large wp-image-334\" alt=\"\" loading=\"lazy\" \/>\t\t\t\t\t\t\t\t\t\t\t\t\t\t\t<\/div>\n\t\t\t\t<\/div>\n\t\t\t\t\t<\/div>\n\t\t<\/div>\n\t\t\t\t<div class=\"elementor-column elementor-col-33 elementor-top-column elementor-element elementor-element-6cf08ff\" data-id=\"6cf08ff\" data-element_type=\"column\" data-settings=\"{&quot;background_background&quot;:&quot;classic&quot;}\">\n\t\t\t<div class=\"elementor-widget-wrap elementor-element-populated\">\n\t\t\t\t\t\t\t\t<div class=\"elementor-element elementor-element-c037079 elementor-widget elementor-widget-image\" data-id=\"c037079\" data-element_type=\"widget\" data-widget_type=\"image.default\">\n\t\t\t\t<div class=\"elementor-widget-container\">\n\t\t\t\t\t\t\t\t\t\t\t\t\t\t\t<img decoding=\"async\" width=\"135\" height=\"124\" src=\"https:\/\/queirozsaudeambiental.com\/wp-content\/uploads\/2023\/05\/30anos.png\" class=\"attachment-large size-large wp-image-334\" alt=\"\" loading=\"lazy\" \/>\t\t\t\t\t\t\t\t\t\t\t\t\t\t\t<\/div>\n\t\t\t\t<\/div>\n\t\t\t\t\t<\/div>\n\t\t<\/div>\n\t\t\t\t<div class=\"elementor-column elementor-col-33 elementor-top-column elementor-element elementor-element-768b83c\" data-id=\"768b83c\" data-element_type=\"column\" data-settings=\"{&quot;background_background&quot;:&quot;classic&quot;}\">\n\t\t\t<div class=\"elementor-widget-wrap elementor-element-populated\">\n\t\t\t\t\t\t\t\t<div class=\"elementor-element elementor-element-f702134 elementor-widget elementor-widget-image\" data-id=\"f702134\" data-element_type=\"widget\" data-widget_type=\"image.default\">\n\t\t\t\t<div class=\"elementor-widget-container\">\n\t\t\t\t\t\t\t\t\t\t\t\t\t\t\t<img decoding=\"async\" width=\"135\" height=\"124\" src=\"https:\/\/queirozsaudeambiental.com\/wp-content\/uploads\/2023\/05\/30anos.png\" class=\"attachment-large size-large wp-image-334\" alt=\"\" loading=\"lazy\" \/>\t\t\t\t\t\t\t\t\t\t\t\t\t\t\t<\/div>\n\t\t\t\t<\/div>\n\t\t\t\t\t<\/div>\n\t\t<\/div>\n\t\t\t\t\t\t\t<\/div>\n\t\t<\/section>\n\t\t\t\t<section class=\"elementor-section elementor-top-section elementor-element elementor-element-751f9d5 elementor-hidden-desktop elementor-hidden-tablet elementor-hidden-mobile elementor-section-boxed elementor-section-height-default elementor-section-height-default\" data-id=\"751f9d5\" data-element_type=\"section\">\n\t\t\t\t\t\t<div class=\"elementor-container elementor-column-gap-default\">\n\t\t\t\t\t<div class=\"elementor-column elementor-col-50 elementor-top-column elementor-element elementor-element-0a98449\" data-id=\"0a98449\" data-element_type=\"column\">\n\t\t\t<div class=\"elementor-widget-wrap elementor-element-populated\">\n\t\t\t\t\t\t\t\t<div class=\"elementor-element elementor-element-82e017e elementor-widget elementor-widget-heading\" data-id=\"82e017e\" data-element_type=\"widget\" data-widget_type=\"heading.default\">\n\t\t\t\t<div class=\"elementor-widget-container\">\n\t\t\t<style>\/*! elementor - v3.12.2 - 23-04-2023 *\/\n.elementor-heading-title{padding:0;margin:0;line-height:1}.elementor-widget-heading .elementor-heading-title[class*=elementor-size-]>a{color:inherit;font-size:inherit;line-height:inherit}.elementor-widget-heading .elementor-heading-title.elementor-size-small{font-size:15px}.elementor-widget-heading .elementor-heading-title.elementor-size-medium{font-size:19px}.elementor-widget-heading .elementor-heading-title.elementor-size-large{font-size:29px}.elementor-widget-heading .elementor-heading-title.elementor-size-xl{font-size:39px}.elementor-widget-heading .elementor-heading-title.elementor-size-xxl{font-size:59px}<\/style><h1 class=\"elementor-heading-title elementor-size-default\">\u201cSempre trabalhamos muito para\nmanter a qualidade\ndo nosso trabalho\u201d<\/h1>\t\t<\/div>\n\t\t\t\t<\/div>\n\t\t\t\t<div class=\"elementor-element elementor-element-828251d elementor-widget elementor-widget-heading\" data-id=\"828251d\" data-element_type=\"widget\" data-widget_type=\"heading.default\">\n\t\t\t\t<div class=\"elementor-widget-container\">\n\t\t\t<h2 class=\"elementor-heading-title elementor-size-default\">Guilherme Queiroz, fundador da QSA\n<\/h2>\t\t<\/div>\n\t\t\t\t<\/div>\n\t\t\t\t\t<\/div>\n\t\t<\/div>\n\t\t\t\t<div class=\"elementor-column elementor-col-50 elementor-top-column elementor-element elementor-element-1f344d9\" data-id=\"1f344d9\" data-element_type=\"column\">\n\t\t\t<div class=\"elementor-widget-wrap\">\n\t\t\t\t\t\t\t\t\t<\/div>\n\t\t<\/div>\n\t\t\t\t\t\t\t<\/div>\n\t\t<\/section>\n\t\t\t\t<section class=\"elementor-section elementor-top-section elementor-element elementor-element-af280dc elementor-section-full_width elementor-section-height-default elementor-section-height-default\" data-id=\"af280dc\" data-element_type=\"section\">\n\t\t\t\t\t\t<div class=\"elementor-container elementor-column-gap-default\">\n\t\t\t\t\t<div class=\"elementor-column elementor-col-100 elementor-top-column elementor-element elementor-element-bc2d6cf\" data-id=\"bc2d6cf\" data-element_type=\"column\">\n\t\t\t<div class=\"elementor-widget-wrap elementor-element-populated\">\n\t\t\t\t\t\t\t\t<div class=\"elementor-element elementor-element-89f7945 elementor-widget elementor-widget-image\" data-id=\"89f7945\" data-element_type=\"widget\" data-widget_type=\"image.default\">\n\t\t\t\t<div class=\"elementor-widget-container\">\n\t\t\t\t\t\t\t\t\t\t\t\t\t\t\t<img decoding=\"async\" width=\"1547\" height=\"781\" src=\"https:\/\/queirozsaudeambiental.com\/wp-content\/uploads\/2023\/05\/grande.png\" class=\"attachment-full size-full wp-image-338\" alt=\"\" loading=\"lazy\" srcset=\"https:\/\/queirozsaudeambiental.com\/wp-content\/uploads\/2023\/05\/grande.png 1547w, https:\/\/queirozsaudeambiental.com\/wp-content\/uploads\/2023\/05\/grande-300x151.png 300w, https:\/\/queirozsaudeambiental.com\/wp-content\/uploads\/2023\/05\/grande-1024x517.png 1024w, https:\/\/queirozsaudeambiental.com\/wp-content\/uploads\/2023\/05\/grande-768x388.png 768w, https:\/\/queirozsaudeambiental.com\/wp-content\/uploads\/2023\/05\/grande-1536x775.png 1536w\" sizes=\"(max-width: 1547px) 100vw, 1547px\" \/>\t\t\t\t\t\t\t\t\t\t\t\t\t\t\t<\/div>\n\t\t\t\t<\/div>\n\t\t\t\t\t<\/div>\n\t\t<\/div>\n\t\t\t\t\t\t\t<\/div>\n\t\t<\/section>\n\t\t\t\t<section class=\"elementor-section elementor-top-section elementor-element elementor-element-79339cf elementor-section-boxed elementor-section-height-default elementor-section-height-default\" data-id=\"79339cf\" data-element_type=\"section\">\n\t\t\t\t\t\t<div class=\"elementor-container elementor-column-gap-default\">\n\t\t\t\t\t<div class=\"elementor-column elementor-col-100 elementor-top-column elementor-element elementor-element-5c1074c\" data-id=\"5c1074c\" data-element_type=\"column\">\n\t\t\t<div class=\"elementor-widget-wrap elementor-element-populated\">\n\t\t\t\t\t\t\t\t<div class=\"elementor-element elementor-element-5cfb595 elementor-widget elementor-widget-heading\" data-id=\"5cfb595\" data-element_type=\"widget\" data-widget_type=\"heading.default\">\n\t\t\t\t<div class=\"elementor-widget-container\">\n\t\t\t<h1 class=\"elementor-heading-title elementor-size-default\">Nossa Experi\u00eancia<\/h1>\t\t<\/div>\n\t\t\t\t<\/div>\n\t\t\t\t\t<\/div>\n\t\t<\/div>\n\t\t\t\t\t\t\t<\/div>\n\t\t<\/section>\n\t\t\t\t<section class=\"elementor-section elementor-top-section elementor-element elementor-element-6042aa3 elementor-section-boxed elementor-section-height-default elementor-section-height-default\" data-id=\"6042aa3\" data-element_type=\"section\" data-settings=\"{&quot;shape_divider_top&quot;:&quot;triangle&quot;}\">\n\t\t\t\t\t<div class=\"elementor-shape elementor-shape-top\" data-negative=\"false\">\n\t\t\t<svg xmlns=\"http:\/\/www.w3.org\/2000\/svg\" viewBox=\"0 0 1000 100\" preserveAspectRatio=\"none\">\n\t<path class=\"elementor-shape-fill\" d=\"M500,98.9L0,6.1V0h1000v6.1L500,98.9z\"\/>\n<\/svg>\t\t<\/div>\n\t\t\t\t\t<div class=\"elementor-container elementor-column-gap-default\">\n\t\t\t\t\t<div class=\"elementor-column elementor-col-100 elementor-top-column elementor-element elementor-element-e75319c\" data-id=\"e75319c\" data-element_type=\"column\">\n\t\t\t<div class=\"elementor-widget-wrap\">\n\t\t\t\t\t\t\t\t\t<\/div>\n\t\t<\/div>\n\t\t\t\t\t\t\t<\/div>\n\t\t<\/section>\n\t\t\t\t<section class=\"elementor-section elementor-top-section elementor-element elementor-element-5aaa30c elementor-section-boxed elementor-section-height-default elementor-section-height-default\" data-id=\"5aaa30c\" data-element_type=\"section\">\n\t\t\t\t\t\t<div class=\"elementor-container elementor-column-gap-default\">\n\t\t\t\t\t<div class=\"elementor-column elementor-col-33 elementor-top-column elementor-element elementor-element-e27816b\" data-id=\"e27816b\" data-element_type=\"column\">\n\t\t\t<div class=\"elementor-widget-wrap elementor-element-populated\">\n\t\t\t\t\t\t\t\t<div class=\"elementor-element elementor-element-c039e18 elementor-widget elementor-widget-image\" data-id=\"c039e18\" data-element_type=\"widget\" data-widget_type=\"image.default\">\n\t\t\t\t<div class=\"elementor-widget-container\">\n\t\t\t\t\t\t\t\t\t\t\t\t\t\t\t<img decoding=\"async\" src=\"https:\/\/queirozsaudeambiental.com\/wp-content\/uploads\/2023\/04\/08.png\" title=\"08\" alt=\"08\" loading=\"lazy\" \/>\t\t\t\t\t\t\t\t\t\t\t\t\t\t\t<\/div>\n\t\t\t\t<\/div>\n\t\t\t\t\t<\/div>\n\t\t<\/div>\n\t\t\t\t<div class=\"elementor-column elementor-col-33 elementor-top-column elementor-element elementor-element-0b70b93\" data-id=\"0b70b93\" data-element_type=\"column\">\n\t\t\t<div class=\"elementor-widget-wrap elementor-element-populated\">\n\t\t\t\t\t\t\t\t<div class=\"elementor-element elementor-element-be07b1c elementor-widget elementor-widget-image\" data-id=\"be07b1c\" data-element_type=\"widget\" data-widget_type=\"image.default\">\n\t\t\t\t<div class=\"elementor-widget-container\">\n\t\t\t\t\t\t\t\t\t\t\t\t\t\t\t<img decoding=\"async\" src=\"https:\/\/queirozsaudeambiental.com\/wp-content\/uploads\/2023\/04\/09.png\" title=\"09\" alt=\"09\" loading=\"lazy\" \/>\t\t\t\t\t\t\t\t\t\t\t\t\t\t\t<\/div>\n\t\t\t\t<\/div>\n\t\t\t\t\t<\/div>\n\t\t<\/div>\n\t\t\t\t<div class=\"elementor-column elementor-col-33 elementor-top-column elementor-element elementor-element-2a75fe0\" data-id=\"2a75fe0\" data-element_type=\"column\">\n\t\t\t<div class=\"elementor-widget-wrap elementor-element-populated\">\n\t\t\t\t\t\t\t\t<div class=\"elementor-element elementor-element-e3d719e elementor-widget elementor-widget-text-editor\" data-id=\"e3d719e\" data-element_type=\"widget\" data-widget_type=\"text-editor.default\">\n\t\t\t\t<div class=\"elementor-widget-container\">\n\t\t\t\t\t\t\t<p>A mais de 3 d\u00e9cadas oferecendo o que h\u00e1 de mais alto<br \/>n\u00edvel no Controle de Pragas Urbanas.<br \/>Possu\u00edmos Licen\u00e7a Ambiental e Alvar\u00e1 Sanit\u00e1rio para<br \/>todos os nossos servi\u00e7os.<\/p>\t\t\t\t\t\t<\/div>\n\t\t\t\t<\/div>\n\t\t\t\t\t<\/div>\n\t\t<\/div>\n\t\t\t\t\t\t\t<\/div>\n\t\t<\/section>\n\t\t\t\t\t\t\t<\/div>\n\t\t","protected":false},"excerpt":{"rendered":"<p>A Queiroz Sa\u00fade Ambiental atua h\u00e1 mais de 30 anos com solu\u00e7\u00f5es inovadoras no Controle de Pragas em resid\u00eancias, empresas, ind\u00fastrias, empresariais, galp\u00f5es e condom\u00ednios em toda a regi\u00e3o da Bahia. \u201cSempre trabalhamos muito para manter a qualidade do nosso trabalho\u201d Guilherme Queiroz, fundador da QSA Nossa Experi\u00eancia A mais de 3 d\u00e9cadas oferecendo o [&hellip;]<\/p>\n","protected":false},"author":1,"featured_media":0,"parent":0,"menu_order":0,"comment_status":"closed","ping_status":"closed","template":"","meta":[],"yoast_head":"<!-- This site is optimized with the Yoast SEO plugin v20.8 - https:\/\/yoast.com\/wordpress\/plugins\/seo\/ -->\n<title>Sobre-n\u00f3s - Queiroz Saude Ambiental<\/title>\n<meta name=\"robots\" content=\"index, follow, max-snippet:-1, max-image-preview:large, max-video-preview:-1\" \/>\n<link rel=\"canonical\" href=\"https:\/\/queirozsaudeambiental.com\/?page_id=112\" \/>\n<meta property=\"og:locale\" content=\"pt_BR\" \/>\n<meta property=\"og:type\" content=\"article\" \/>\n<meta property=\"og:title\" content=\"Sobre-n\u00f3s - Queiroz Saude Ambiental\" \/>\n<meta property=\"og:description\" content=\"A Queiroz Sa\u00fade Ambiental atua h\u00e1 mais de 30 anos com solu\u00e7\u00f5es inovadoras no Controle de Pragas em resid\u00eancias, empresas, ind\u00fastrias, empresariais, galp\u00f5es e condom\u00ednios em toda a regi\u00e3o da Bahia. \u201cSempre trabalhamos muito para manter a qualidade do nosso trabalho\u201d Guilherme Queiroz, fundador da QSA Nossa Experi\u00eancia A mais de 3 d\u00e9cadas oferecendo o [&hellip;]\" \/>\n<meta property=\"og:url\" content=\"https:\/\/queirozsaudeambiental.com\/?page_id=112\" \/>\n<meta property=\"og:site_name\" content=\"Queiroz Saude Ambiental\" \/>\n<meta property=\"article:modified_time\" content=\"2023-05-18T14:07:26+00:00\" \/>\n<meta property=\"og:image\" content=\"http:\/\/queirozsaudeambiental.com\/wp-content\/uploads\/2023\/05\/30anos.png\" \/>\n<meta name=\"twitter:card\" content=\"summary_large_image\" \/>\n<script type=\"application\/ld+json\" class=\"yoast-schema-graph\">{\"@context\":\"https:\/\/schema.org\",\"@graph\":[{\"@type\":\"WebPage\",\"@id\":\"https:\/\/queirozsaudeambiental.com\/?page_id=112\",\"url\":\"https:\/\/queirozsaudeambiental.com\/?page_id=112\",\"name\":\"Sobre-n\u00f3s - Queiroz Saude Ambiental\",\"isPartOf\":{\"@id\":\"https:\/\/queirozsaudeambiental.com\/#website\"},\"datePublished\":\"2023-04-29T22:32:37+00:00\",\"dateModified\":\"2023-05-18T14:07:26+00:00\",\"breadcrumb\":{\"@id\":\"https:\/\/queirozsaudeambiental.com\/?page_id=112#breadcrumb\"},\"inLanguage\":\"pt-BR\",\"potentialAction\":[{\"@type\":\"ReadAction\",\"target\":[\"https:\/\/queirozsaudeambiental.com\/?page_id=112\"]}]},{\"@type\":\"BreadcrumbList\",\"@id\":\"https:\/\/queirozsaudeambiental.com\/?page_id=112#breadcrumb\",\"itemListElement\":[{\"@type\":\"ListItem\",\"position\":1,\"name\":\"In\u00edcio\",\"item\":\"https:\/\/queirozsaudeambiental.com\/\"},{\"@type\":\"ListItem\",\"position\":2,\"name\":\"Sobre-n\u00f3s\"}]},{\"@type\":\"WebSite\",\"@id\":\"https:\/\/queirozsaudeambiental.com\/#website\",\"url\":\"https:\/\/queirozsaudeambiental.com\/\",\"name\":\"Queiroz Saude Ambiental\",\"description\":\"A Queiroz Sa\u00fade Ambiental atua h\u00e1 mais de 30 anos com solu\u00e7\u00f5es inovadoras no Controle de Pragas em resid\u00eancias, empresas, ind\u00fastrias, empresariais, galp\u00f5es e condom\u00ednios em toda a regi\u00e3o da Bahia.\",\"publisher\":{\"@id\":\"https:\/\/queirozsaudeambiental.com\/#organization\"},\"potentialAction\":[{\"@type\":\"SearchAction\",\"target\":{\"@type\":\"EntryPoint\",\"urlTemplate\":\"https:\/\/queirozsaudeambiental.com\/?s={search_term_string}\"},\"query-input\":\"required name=search_term_string\"}],\"inLanguage\":\"pt-BR\"},{\"@type\":\"Organization\",\"@id\":\"https:\/\/queirozsaudeambiental.com\/#organization\",\"name\":\"Queiroz Saude Ambiental\",\"url\":\"https:\/\/queirozsaudeambiental.com\/\",\"logo\":{\"@type\":\"ImageObject\",\"inLanguage\":\"pt-BR\",\"@id\":\"https:\/\/queirozsaudeambiental.com\/#\/schema\/logo\/image\/\",\"url\":\"https:\/\/queirozsaudeambiental.com\/wp-content\/uploads\/2023\/05\/cropped-marcaQSA-e1683668445466.png\",\"contentUrl\":\"https:\/\/queirozsaudeambiental.com\/wp-content\/uploads\/2023\/05\/cropped-marcaQSA-e1683668445466.png\",\"width\":845,\"height\":245,\"caption\":\"Queiroz Saude Ambiental\"},\"image\":{\"@id\":\"https:\/\/queirozsaudeambiental.com\/#\/schema\/logo\/image\/\"}}]}<\/script>\n<!-- \/ Yoast SEO plugin. -->","yoast_head_json":{"title":"Sobre-n\u00f3s - Queiroz Saude Ambiental","robots":{"index":"index","follow":"follow","max-snippet":"max-snippet:-1","max-image-preview":"max-image-preview:large","max-video-preview":"max-video-preview:-1"},"canonical":"https:\/\/queirozsaudeambiental.com\/?page_id=112","og_locale":"pt_BR","og_type":"article","og_title":"Sobre-n\u00f3s - Queiroz Saude Ambiental","og_description":"A Queiroz Sa\u00fade Ambiental atua h\u00e1 mais de 30 anos com solu\u00e7\u00f5es inovadoras no Controle de Pragas em resid\u00eancias, empresas, ind\u00fastrias, empresariais, galp\u00f5es e condom\u00ednios em toda a regi\u00e3o da Bahia. \u201cSempre trabalhamos muito para manter a qualidade do nosso trabalho\u201d Guilherme Queiroz, fundador da QSA Nossa Experi\u00eancia A mais de 3 d\u00e9cadas oferecendo o [&hellip;]","og_url":"https:\/\/queirozsaudeambiental.com\/?page_id=112","og_site_name":"Queiroz Saude Ambiental","article_modified_time":"2023-05-18T14:07:26+00:00","og_image":[{"url":"http:\/\/queirozsaudeambiental.com\/wp-content\/uploads\/2023\/05\/30anos.png"}],"twitter_card":"summary_large_image","schema":{"@context":"https:\/\/schema.org","@graph":[{"@type":"WebPage","@id":"https:\/\/queirozsaudeambiental.com\/?page_id=112","url":"https:\/\/queirozsaudeambiental.com\/?page_id=112","name":"Sobre-n\u00f3s - Queiroz Saude Ambiental","isPartOf":{"@id":"https:\/\/queirozsaudeambiental.com\/#website"},"datePublished":"2023-04-29T22:32:37+00:00","dateModified":"2023-05-18T14:07:26+00:00","breadcrumb":{"@id":"https:\/\/queirozsaudeambiental.com\/?page_id=112#breadcrumb"},"inLanguage":"pt-BR","potentialAction":[{"@type":"ReadAction","target":["https:\/\/queirozsaudeambiental.com\/?page_id=112"]}]},{"@type":"BreadcrumbList","@id":"https:\/\/queirozsaudeambiental.com\/?page_id=112#breadcrumb","itemListElement":[{"@type":"ListItem","position":1,"name":"In\u00edcio","item":"https:\/\/queirozsaudeambiental.com\/"},{"@type":"ListItem","position":2,"name":"Sobre-n\u00f3s"}]},{"@type":"WebSite","@id":"https:\/\/queirozsaudeambiental.com\/#website","url":"https:\/\/queirozsaudeambiental.com\/","name":"Queiroz Saude Ambiental","description":"A Queiroz Sa\u00fade Ambiental atua h\u00e1 mais de 30 anos com solu\u00e7\u00f5es inovadoras no Controle de Pragas em resid\u00eancias, empresas, ind\u00fastrias, empresariais, galp\u00f5es e condom\u00ednios em toda a regi\u00e3o da Bahia.","publisher":{"@id":"https:\/\/queirozsaudeambiental.com\/#organization"},"potentialAction":[{"@type":"SearchAction","target":{"@type":"EntryPoint","urlTemplate":"https:\/\/queirozsaudeambiental.com\/?s={search_term_string}"},"query-input":"required name=search_term_string"}],"inLanguage":"pt-BR"},{"@type":"Organization","@id":"https:\/\/queirozsaudeambiental.com\/#organization","name":"Queiroz Saude Ambiental","url":"https:\/\/queirozsaudeambiental.com\/","logo":{"@type":"ImageObject","inLanguage":"pt-BR","@id":"https:\/\/queirozsaudeambiental.com\/#\/schema\/logo\/image\/","url":"https:\/\/queirozsaudeambiental.com\/wp-content\/uploads\/2023\/05\/cropped-marcaQSA-e1683668445466.png","contentUrl":"https:\/\/queirozsaudeambiental.com\/wp-content\/uploads\/2023\/05\/cropped-marcaQSA-e1683668445466.png","width":845,"height":245,"caption":"Queiroz Saude Ambiental"},"image":{"@id":"https:\/\/queirozsaudeambiental.com\/#\/schema\/logo\/image\/"}}]}},"_links":{"self":[{"href":"https:\/\/queirozsaudeambiental.com\/index.php?rest_route=\/wp\/v2\/pages\/112"}],"collection":[{"href":"https:\/\/queirozsaudeambiental.com\/index.php?rest_route=\/wp\/v2\/pages"}],"about":[{"href":"https:\/\/queirozsaudeambiental.com\/index.php?rest_route=\/wp\/v2\/types\/page"}],"author":[{"embeddable":true,"href":"https:\/\/queirozsaudeambiental.com\/index.php?rest_route=\/wp\/v2\/users\/1"}],"replies":[{"embeddable":true,"href":"https:\/\/queirozsaudeambiental.com\/index.php?rest_route=%2Fwp%2Fv2%2Fcomments&post=112"}],"version-history":[{"count":22,"href":"https:\/\/queirozsaudeambiental.com\/index.php?rest_route=\/wp\/v2\/pages\/112\/revisions"}],"predecessor-version":[{"id":707,"href":"https:\/\/queirozsaudeambiental.com\/index.php?rest_route=\/wp\/v2\/pages\/112\/revisions\/707"}],"wp:attachment":[{"href":"https:\/\/queirozsaudeambiental.com\/index.php?rest_route=%2Fwp%2Fv2%2Fmedia&parent=112"}],"curies":[{"name":"wp","href":"https:\/\/api.w.org\/{rel}","templated":true}]}}